{"id":80,"date":"2024-11-24T10:34:54","date_gmt":"2024-11-24T10:34:54","guid":{"rendered":"https:\/\/test.klaube.eu\/?page_id=80"},"modified":"2024-11-24T10:34:54","modified_gmt":"2024-11-24T10:34:54","slug":"willkommen","status":"publish","type":"page","link":"https:\/\/klaube.eu\/","title":{"rendered":"Willkommen"},"content":{"rendered":"<h1><span style=\"color: #808080;\"><strong>Ing.-B\u00fcro\u00a0Thomas Klaube<\/strong><\/span><\/h1>\n<p class=\"paragraph_style_2\"><strong>Software-Entwicklung<\/strong><br \/><strong>Software-Lokalisierung<\/strong><br \/><strong>IT-Beratung<\/strong><\/p>\n<p>Freiberuflicher Software-Entwickler und IT-Berater mit Schwerpunkt Qt \/ C++<\/p>\n<p><strong>Ausbildung<\/strong><\/p>\n<p>Abitur<br \/>Elektromonteur &#8211; Mansfeldkombinat<br \/>Dipl.-Ing. f\u00fcr Elektrotechnik &#8211; TH Ilmenau<\/p>\n<p><strong>Fachliche Schwerpunkte<\/strong><\/p>\n<ul>\n<li>Software-Entwicklung &amp; Design<\/li>\n<li>Software-Entwicklung auf Basis von Qt f\u00fcr Windows, Linux, Mac OS X sowie embbeded und mobile Plattformen (iOS &#8211; Android)<\/li>\n<li>Entwicklung von plattform\u00fcbergreifenden Applikationen oder Komponenten f\u00fcr Mac, Linux und Windows auf Basis von C\/C++ und Qt.<\/li>\n<li>Shellscripting<\/li>\n<li>Portierung: Windows &lt;-&gt; macOS &lt;-&gt; Linux \/ Unix.<\/li>\n<li>Software-Lokalisierung Englisch &lt;-&gt; Deutsch.<\/li>\n<li>CI\/CD &#8211; GitLab &#8211; GitHub<\/li>\n<li>Administration Linux-Server.<\/li>\n<\/ul>\n<p><strong>Entwicklungswerkzeuge SDK<\/strong><\/p>\n<ul>\n<li>Qt 5.x.x, Qt 6.x.x, &#8211; QtCreator, Designer, Linguist,<\/li>\n<li>Qt GUI-Entwicklung auf Basis QTWidgets sowie QML,<\/li>\n<li>Xcode,<\/li>\n<li>VisualStudio ab 2005,<\/li>\n<li>Visual Studio Code,<\/li>\n<li>PlatformIO,<\/li>\n<li>CVS, SVN, Bazaar, Git, Perforce<\/li>\n<li>CMake,<\/li>\n<li>qmake,<\/li>\n<li>OpenGL,<\/li>\n<li>SQLite,<\/li>\n<li>PostgreSQL,<\/li>\n<li>MySQL,<\/li>\n<li>Json,<\/li>\n<li>XML,<\/li>\n<li>TCP\/IP,<\/li>\n<li>UDP,<\/li>\n<li>doxygen,<\/li>\n<li>JIRA,<\/li>\n<li>Confluence<\/li>\n<li>Polarion<\/li>\n<li>Jenkins,<\/li>\n<li>ANT+ SDK<\/li>\n<li>bash,<\/li>\n<li>ffmpeg- ffplay-ffprobe<\/li>\n<li>MQTT<\/li>\n<li>REST-API<\/li>\n<li>PHP<\/li>\n<li>MS VisualBasic 6,<\/li>\n<li>C\/C++,<\/li>\n<li>Objective C,<\/li>\n<li>Python,<\/li>\n<li>InfluxDB<\/li>\n<li>Grafana<\/li>\n<li>und viele weitere.<\/li>\n<\/ul>\n\n\n<p><\/p>\n","protected":false},"excerpt":{"rendered":"<p>Ing.-B\u00fcro\u00a0Thomas Klaube Software-EntwicklungSoftware-LokalisierungIT-Beratung Freiberuflicher Software-Entwickler und IT-Berater mit Schwerpunkt Qt \/ C++ Ausbildung AbiturElektromonteur &#8211; MansfeldkombinatDipl.-Ing. f\u00fcr Elektrotechnik &#8211; TH Ilmenau Fachliche Schwerpunkte Software-Entwicklung &amp; Design Software-Entwicklung auf Basis von Qt f\u00fcr Windows, Linux, Mac OS X sowie embbeded und mobile Plattformen (iOS &#8211; Android) Entwicklung von plattform\u00fcbergreifenden Applikationen oder Komponenten f\u00fcr Mac, Linux und [&hellip;]<\/p>\n","protected":false},"author":2,"featured_media":0,"parent":0,"menu_order":0,"comment_status":"closed","ping_status":"closed","template":"","meta":{"footnotes":""},"class_list":["post-80","page","type-page","status-publish","hentry","missing-thumbnail"],"_links":{"self":[{"href":"https:\/\/klaube.eu\/index.php?rest_route=\/wp\/v2\/pages\/80","targetHints":{"allow":["GET"]}}],"collection":[{"href":"https:\/\/klaube.eu\/index.php?rest_route=\/wp\/v2\/pages"}],"about":[{"href":"https:\/\/klaube.eu\/index.php?rest_route=\/wp\/v2\/types\/page"}],"author":[{"embeddable":true,"href":"https:\/\/klaube.eu\/index.php?rest_route=\/wp\/v2\/users\/2"}],"replies":[{"embeddable":true,"href":"https:\/\/klaube.eu\/index.php?rest_route=%2Fwp%2Fv2%2Fcomments&post=80"}],"version-history":[{"count":0,"href":"https:\/\/klaube.eu\/index.php?rest_route=\/wp\/v2\/pages\/80\/revisions"}],"wp:attachment":[{"href":"https:\/\/klaube.eu\/index.php?rest_route=%2Fwp%2Fv2%2Fmedia&parent=80"}],"curies":[{"name":"wp","href":"https:\/\/api.w.org\/{rel}","templated":true}]}}